{"id":91,"date":"2017-04-12T08:23:22","date_gmt":"2017-04-12T08:23:22","guid":{"rendered":"http:\/\/www.planurban.it\/?page_id=91"},"modified":"2026-03-18T14:46:52","modified_gmt":"2026-03-18T14:46:52","slug":"office","status":"publish","type":"page","link":"https:\/\/www.planurban.it\/en\/office\/","title":{"rendered":"Office","raw":"Office"},"content":{"rendered":"","protected":false,"raw":""},"excerpt":{"rendered":"<p>[vc_row type=&#8221;vc_default&#8221; full_width=&#8221;stretch_row_content_no_spaces&#8221; gap=&#8221;10&#8243; bg_type=&#8221;bg_color&#8221; bg_override=&#8221;ex-full&#8221; ult_hide_row=&#8221;ult_hide_row_value&#8221; ult_hide_row_tablet_small=&#8221;xs_tablet&#8221; ult_hide_row_mobile=&#8221;mobile&#8221; ult_hide_row_mobile_large=&#8221;xl_mobile&#8221; css=&#8221;.vc_custom_1594022026990{margin-top: -70px !important;}&#8221;][vc_column width=&#8221;1\/2&#8243; css=&#8221;.vc_custom_1493025432388{padding-left: 5px !important;}&#8221;][vc_single_image image=&#8221;9258&#8243; img_size=&#8221;full&#8221; alignment=&#8221;center&#8221;][\/vc_column][vc_column width=&#8221;1\/2&#8243; css=&#8221;.vc_custom_1493299742954{padding-right: 30px !important;padding-bottom: 30px !important;padding-left: 30px !important;}&#8221;][vc_column_text] Ufficio [\/vc_column_text][vc_column_text]Un ufficio arredato con un design unico e distintivo vale pi\u00f9 di mille parole, perch\u00e9 aumenta il percepito di un brand e persino la sua credibilit\u00e0.&hellip;<\/p>\n","protected":false,"raw":""},"author":1,"featured_media":0,"parent":0,"menu_order":0,"comment_status":"closed","ping_status":"closed","template":"template-sezione.php","meta":{"_acf_changed":false,"_it_post_content":"[vc_row type=\"vc_default\" full_width=\"stretch_row_content_no_spaces\" gap=\"10\" bg_type=\"bg_color\" bg_override=\"ex-full\" ult_hide_row=\"ult_hide_row_value\" ult_hide_row_tablet_small=\"xs_tablet\" ult_hide_row_mobile=\"mobile\" ult_hide_row_mobile_large=\"xl_mobile\" css=\".vc_custom_1594022026990{margin-top: -70px !important;}\"][vc_column width=\"1\/2\" css=\".vc_custom_1493025432388{padding-left: 5px !important;}\"][vc_single_image image=\"9258\" img_size=\"full\" alignment=\"center\"][\/vc_column][vc_column width=\"1\/2\" css=\".vc_custom_1493299742954{padding-right: 30px !important;padding-bottom: 30px !important;padding-left: 30px !important;}\"][ultimate_spacer height=\"70\"][vc_column_text]\r\n<h1 style=\"text-align: left;\">Ufficio<\/h1>\r\n[\/vc_column_text][vc_column_text]Un ufficio arredato con un design unico e distintivo vale pi\u00f9 di mille parole, perch\u00e9 aumenta il percepito di un brand e persino la sua credibilit\u00e0. Il nostro lavoro, frutto di una profonda conoscenza del mercato internazionale, ci permette di offrirvi ogni volta il punto d\u2019incontro tra design e budget perfetto per le vostre esigenze.[\/vc_column_text][\/vc_column][\/vc_row][vc_row type=\"vc_default\" full_width=\"stretch_row_content_no_spaces\" gap=\"10\" bg_type=\"bg_color\" ult_hide_row=\"ult_hide_row_value\" ult_hide_row_tablet_small=\"xs_tablet\" ult_hide_row_mobile=\"mobile\" ult_hide_row_mobile_large=\"xl_mobile\" css=\".vc_custom_1594022251119{margin-top: -70px !important;}\"][vc_column width=\"1\/3\" css=\".vc_custom_1492678197415{padding-left: 5px !important;}\"][dt_banner image_id=\"136\" link=\"http:\/\/www.planurban.it\/scrivanie\/\" bg_color=\"rgba(0,0,0,0.78)\" border_width=\"0\" outer_padding=\"0\" inner_padding=\"0\" min_height=\"200\"]\r\n<h3 style=\"text-align: left;\"><span style=\"color: #ffffff;\">Scrivanie<\/span><\/h3>\r\n[\/dt_banner][\/vc_column][vc_column width=\"1\/3\"][dt_banner image_id=\"152\" link=\"http:\/\/www.planurban.it\/tavoli-riunione\/\" bg_color=\"rgba(0,0,0,0.57)\" border_width=\"0\" outer_padding=\"0\" inner_padding=\"0\" min_height=\"200\"]\r\n<h3 style=\"text-align: left;\"><span style=\"color: #ffffff;\">Tavoli Riunione<\/span><\/h3>\r\n[\/dt_banner][\/vc_column][vc_column width=\"1\/3\" css=\".vc_custom_1494000753180{padding-right: 5px !important;}\"][dt_banner image_id=\"241\" link=\"http:\/\/www.planurban.it\/sedute-office\/\" bg_color=\"rgba(0,0,0,0.57)\" border_width=\"0\" outer_padding=\"0\" inner_padding=\"0\" min_height=\"200\"]\r\n<h3 style=\"text-align: left;\"><span style=\"color: #ffffff;\">Sedute<\/span><\/h3>\r\n[\/dt_banner][\/vc_column][\/vc_row][vc_row type=\"vc_default\" full_width=\"stretch_row_content_no_spaces\" gap=\"10\" bg_type=\"bg_color\" ult_hide_row=\"ult_hide_row_value\" ult_hide_row_tablet_small=\"xs_tablet\" ult_hide_row_mobile=\"mobile\" ult_hide_row_mobile_large=\"xl_mobile\" css=\".vc_custom_1594022371440{margin-top: -35px !important;}\"][vc_column width=\"1\/3\" css=\".vc_custom_1494000758532{padding-left: 5px !important;}\"][dt_banner image_id=\"242\" link=\"http:\/\/www.planurban.it\/reception\/\" bg_color=\"rgba(0,0,0,0.58)\" border_width=\"0\" outer_padding=\"0\" inner_padding=\"0\" min_height=\"200\"]\r\n<h3 style=\"text-align: left;\"><span style=\"color: #ffffff;\">Reception<\/span><\/h3>\r\n[\/dt_banner][\/vc_column][vc_column width=\"1\/3\"][dt_banner image_id=\"281\" link=\"http:\/\/www.planurban.it\/pannelli-fonoassorbenti\/\" bg_color=\"rgba(0,0,0,0.58)\" border_width=\"0\" outer_padding=\"0\" inner_padding=\"0\" min_height=\"200\"]\r\n<h3 style=\"text-align: left;\"><span style=\"color: #ffffff;\">Pannelli Fonoassorbenti<\/span><\/h3>\r\n[\/dt_banner][\/vc_column][vc_column width=\"1\/3\" css=\".vc_custom_1494000764651{padding-right: 5px !important;}\"][dt_banner image_id=\"299\" link=\"http:\/\/www.planurban.it\/complementi-office\/\" bg_color=\"rgba(0,0,0,0.58)\" border_width=\"0\" outer_padding=\"0\" inner_padding=\"0\" min_height=\"200\"]\r\n<h3 style=\"text-align: left;\"><span style=\"color: #ffffff;\">Complementi<\/span><\/h3>\r\n[\/dt_banner][\/vc_column][\/vc_row][vc_row type=\"vc_default\" full_width=\"stretch_row_content_no_spaces\" gap=\"10\" bg_type=\"bg_color\" ult_hide_row=\"ult_hide_row_value\" ult_hide_row_tablet_small=\"xs_tablet\" ult_hide_row_mobile=\"mobile\" ult_hide_row_mobile_large=\"xl_mobile\" css=\".vc_custom_1594022407094{margin-top: -35px !important;}\"][vc_column width=\"1\/3\" css=\".vc_custom_1492678238180{padding-left: 5px !important;}\"][dt_banner image_id=\"243\" link=\"https:\/\/www.planurban.it\/librerie\/\" bg_color=\"rgba(0,0,0,0.58)\" border_width=\"0\" outer_padding=\"0\" inner_padding=\"0\" min_height=\"200\"]\r\n<h3 style=\"text-align: left;\"><span style=\"color: #ffffff;\">Librerie<\/span><\/h3>\r\n[\/dt_banner][\/vc_column][vc_column width=\"1\/3\"][dt_banner image_id=\"1060\" link=\"https:\/\/www.planurban.it\/lampade-ufficio\/\" bg_color=\"rgba(0,0,0,0.59)\" border_width=\"0\" outer_padding=\"0\" inner_padding=\"0\" min_height=\"200\"]\r\n<h3 style=\"text-align: left;\"><span style=\"color: #ffffff;\">Lampade<\/span><\/h3>\r\n[\/dt_banner][\/vc_column][vc_column width=\"1\/3\" css=\".vc_custom_1494000780740{padding-right: 5px !important;}\"][dt_banner image_id=\"615\" link=\"http:\/\/www.planurban.it\/pareti-divisorie\/\" bg_color=\"rgba(0,0,0,0.59)\" border_width=\"0\" outer_padding=\"0\" inner_padding=\"0\" min_height=\"200\"]\r\n<h3 style=\"text-align: left;\"><span style=\"color: #ffffff;\">Pareti divisorie<\/span><\/h3>\r\n[\/dt_banner][\/vc_column][\/vc_row][vc_row type=\"vc_default\" full_width=\"stretch_row_content_no_spaces\" gap=\"10\" bg_type=\"bg_color\" ult_hide_row=\"ult_hide_row_value\" ult_hide_row_tablet_small=\"xs_tablet\" ult_hide_row_mobile=\"mobile\" ult_hide_row_mobile_large=\"xl_mobile\" css=\".vc_custom_1594022442424{margin-top: -35px !important;margin-bottom: -65px !important;}\"][vc_column width=\"1\/3\" css=\".vc_custom_1492678238180{padding-left: 5px !important;}\"][dt_banner image_id=\"11776\" link=\"https:\/\/www.planurban.it\/mobili-contenitori\/\" bg_color=\"rgba(0,0,0,0.66)\" border_width=\"0\" outer_padding=\"0\" inner_padding=\"0\" min_height=\"200\"]\r\n<h3 style=\"text-align: left;\"><span style=\"color: #ffffff;\">Mobili contenitori<\/span><\/h3>\r\n[\/dt_banner][\/vc_column][vc_column width=\"1\/3\"][dt_banner image_id=\"11455\" link=\"https:\/\/www.planurban.it\/cassettiere\/\" bg_color=\"rgba(0,0,0,0.59)\" border_width=\"0\" outer_padding=\"0\" inner_padding=\"0\" min_height=\"200\"]\r\n<h3 style=\"text-align: left;\"><span style=\"color: #ffffff;\">Cassettiere<\/span><\/h3>\r\n[\/dt_banner][\/vc_column][vc_column width=\"1\/3\" css=\".vc_custom_1494000780740{padding-right: 5px !important;}\"][dt_banner link=\"https:\/\/www.planurban.it\/home-2020\/\" bg_color=\"#67806a\" border_width=\"0\" outer_padding=\"0\" inner_padding=\"0\" min_height=\"200\"]\r\n<h3><span style=\"color: #ffffff;\">Ritorna alla Home<\/span><\/h3>\r\n[\/dt_banner][\/vc_column][\/vc_row][vc_section][vc_row type=\"vc_default\" full_width=\"stretch_row_content_no_spaces\" bg_type=\"bg_color\" bg_override=\"ex-full\" ult_hide_row=\"ult_hide_row_value\" ult_hide_row_large_screen=\"large_screen\" ult_hide_row_desktop=\"desktop\" ult_hide_row_tablet=\"tablet\" css=\".vc_custom_1594022593506{margin-top: -90px !important;}\"][vc_column][vc_single_image image=\"9258\" img_size=\"full\" alignment=\"center\"][vc_row_inner][vc_column_inner css=\".vc_custom_1594022632164{padding-right: 10px !important;padding-left: 10px !important;}\"][vc_column_text]\r\n<h1 style=\"text-align: left;\">Ufficio<\/h1>\r\n[\/vc_column_text][vc_column_text]Un ufficio arredato con un design unico e distintivo vale pi\u00f9 di mille parole, perch\u00e9 aumenta il percepito di un brand e persino la sua credibilit\u00e0. Il nostro lavoro, frutto di una profonda conoscenza del mercato internazionale, ci permette di offrirvi ogni volta il punto d\u2019incontro tra design e budget perfetto per le vostre esigenze.[\/vc_column_text][\/vc_column_inner][\/vc_row_inner][\/vc_column][\/vc_row][vc_row type=\"vc_default\" full_width=\"stretch_row_content_no_spaces\" bg_type=\"bg_color\" ult_hide_row=\"ult_hide_row_value\" ult_hide_row_large_screen=\"large_screen\" ult_hide_row_desktop=\"desktop\" ult_hide_row_tablet=\"tablet\" css=\".vc_custom_1594027104583{margin-top: -50px !important;margin-bottom: -60px !important;padding-right: 10px !important;padding-left: 10px !important;}\"][vc_column][dt_banner image_id=\"136\" link=\"http:\/\/www.planurban.it\/scrivanie\/\" bg_color=\"rgba(0,0,0,0.78)\" border_width=\"0\" outer_padding=\"0\" inner_padding=\"0\" min_height=\"200\"]\r\n<h3 style=\"text-align: left;\"><span style=\"color: #ffffff;\">Scrivanie<\/span><\/h3>\r\n[\/dt_banner][ultimate_spacer height=\"10\"][dt_banner image_id=\"152\" link=\"http:\/\/www.planurban.it\/tavoli-riunione\/\" bg_color=\"rgba(0,0,0,0.57)\" border_width=\"0\" outer_padding=\"0\" inner_padding=\"0\" min_height=\"200\"]\r\n<h3 style=\"text-align: left;\"><span style=\"color: #ffffff;\">Tavoli Riunione<\/span><\/h3>\r\n[\/dt_banner][ultimate_spacer height=\"10\"][dt_banner image_id=\"241\" link=\"http:\/\/www.planurban.it\/sedute-office\/\" bg_color=\"rgba(0,0,0,0.57)\" border_width=\"0\" outer_padding=\"0\" inner_padding=\"0\" min_height=\"200\"]\r\n<h3 style=\"text-align: left;\"><span style=\"color: #ffffff;\">Sedute<\/span><\/h3>\r\n[\/dt_banner][ultimate_spacer height=\"10\"][dt_banner image_id=\"242\" link=\"http:\/\/www.planurban.it\/reception\/\" bg_color=\"rgba(0,0,0,0.58)\" border_width=\"0\" outer_padding=\"0\" inner_padding=\"0\" min_height=\"200\"]\r\n<h3 style=\"text-align: left;\"><span style=\"color: #ffffff;\">Reception<\/span><\/h3>\r\n[\/dt_banner][ultimate_spacer height=\"10\"][dt_banner image_id=\"281\" link=\"http:\/\/www.planurban.it\/pannelli-fonoassorbenti\/\" bg_color=\"rgba(0,0,0,0.58)\" border_width=\"0\" outer_padding=\"0\" inner_padding=\"0\" min_height=\"200\"]\r\n<h3 style=\"text-align: left;\"><span style=\"color: #ffffff;\">Pannelli Fonoassorbenti<\/span><\/h3>\r\n[\/dt_banner][ultimate_spacer height=\"10\"][dt_banner image_id=\"299\" link=\"http:\/\/www.planurban.it\/complementi-office\/\" bg_color=\"rgba(0,0,0,0.58)\" border_width=\"0\" outer_padding=\"0\" inner_padding=\"0\" min_height=\"200\"]\r\n<h3 style=\"text-align: left;\"><span style=\"color: #ffffff;\">Complementi<\/span><\/h3>\r\n[\/dt_banner][ultimate_spacer height=\"10\"][dt_banner image_id=\"243\" link=\"https:\/\/www.planurban.it\/librerie\/\" bg_color=\"rgba(0,0,0,0.58)\" border_width=\"0\" outer_padding=\"0\" inner_padding=\"0\" min_height=\"200\"]\r\n<h3 style=\"text-align: left;\"><span style=\"color: #ffffff;\">Librerie<\/span><\/h3>\r\n[\/dt_banner][ultimate_spacer height=\"10\"][dt_banner image_id=\"1060\" link=\"https:\/\/www.planurban.it\/lampade-ufficio\/\" bg_color=\"rgba(0,0,0,0.59)\" border_width=\"0\" outer_padding=\"0\" inner_padding=\"0\" min_height=\"200\"]\r\n<h3 style=\"text-align: left;\"><span style=\"color: #ffffff;\">Lampade<\/span><\/h3>\r\n[\/dt_banner][ultimate_spacer height=\"10\"][dt_banner image_id=\"615\" link=\"http:\/\/www.planurban.it\/pareti-divisorie\/\" bg_color=\"rgba(0,0,0,0.59)\" border_width=\"0\" outer_padding=\"0\" inner_padding=\"0\" min_height=\"200\"]\r\n<h3 style=\"text-align: left;\"><span style=\"color: #ffffff;\">Pareti divisorie<\/span><\/h3>\r\n[\/dt_banner][ultimate_spacer height=\"10\"][dt_banner image_id=\"11776\" link=\"https:\/\/www.planurban.it\/mobili-contenitori\/\" bg_color=\"rgba(0,0,0,0.66)\" border_width=\"0\" outer_padding=\"0\" inner_padding=\"0\" min_height=\"200\"]\r\n<h3 style=\"text-align: left;\"><span style=\"color: #ffffff;\">Mobili contenitori<\/span><\/h3>\r\n[\/dt_banner][ultimate_spacer height=\"10\"][dt_banner image_id=\"11455\" link=\"https:\/\/www.planurban.it\/cassettiere\/\" bg_color=\"rgba(0,0,0,0.59)\" border_width=\"0\" outer_padding=\"0\" inner_padding=\"0\" min_height=\"200\"]\r\n<h3 style=\"text-align: left;\"><span style=\"color: #ffffff;\">Cassettiere<\/span><\/h3>\r\n[\/dt_banner][\/vc_column][\/vc_row][\/vc_section]","_it_post_name":"office-4","_it_post_excerpt":"","_it_post_title":"Ufficio","_en_post_content":"","_en_post_name":"office","_en_post_excerpt":"","_en_post_title":"Office","edit_language":"en","footnotes":""},"class_list":["post-91","page","type-page","status-publish","hentry","description-off"],"acf":[],"_links":{"self":[{"href":"https:\/\/www.planurban.it\/en\/wp-json\/wp\/v2\/pages\/91","targetHints":{"allow":["GET"]}}],"collection":[{"href":"https:\/\/www.planurban.it\/en\/wp-json\/wp\/v2\/pages"}],"about":[{"href":"https:\/\/www.planurban.it\/en\/wp-json\/wp\/v2\/types\/page"}],"author":[{"embeddable":true,"href":"https:\/\/www.planurban.it\/en\/wp-json\/wp\/v2\/users\/1"}],"replies":[{"embeddable":true,"href":"https:\/\/www.planurban.it\/en\/wp-json\/wp\/v2\/comments?post=91"}],"version-history":[{"count":120,"href":"https:\/\/www.planurban.it\/en\/wp-json\/wp\/v2\/pages\/91\/revisions"}],"predecessor-version":[{"id":42513,"href":"https:\/\/www.planurban.it\/en\/wp-json\/wp\/v2\/pages\/91\/revisions\/42513"}],"wp:attachment":[{"href":"https:\/\/www.planurban.it\/en\/wp-json\/wp\/v2\/media?parent=91"}],"curies":[{"name":"wp","href":"https:\/\/api.w.org\/{rel}","templated":true}]}}