{"id":9123,"date":"2020-03-16T10:09:59","date_gmt":"2020-03-16T10:09:59","guid":{"rendered":"https:\/\/www.planurban.it\/?page_id=9123"},"modified":"2021-09-30T13:54:18","modified_gmt":"2021-09-30T13:54:18","slug":"drawer-design-units","status":"publish","type":"page","link":"https:\/\/www.planurban.it\/en\/drawer-design-units\/","title":{"rendered":"Drawer units","raw":"Drawer units"},"content":{"rendered":"","protected":false,"raw":""},"excerpt":{"rendered":"<p>[vc_row type=&#8221;vc_default&#8221; full_width=&#8221;stretch_row_content_no_spaces&#8221; gap=&#8221;10&#8243; content_placement=&#8221;middle&#8221; bg_type=&#8221;image&#8221; parallax_style=&#8221;vcpb-default&#8221; bg_override=&#8221;ex-full&#8221; css=&#8221;.vc_custom_1593676263291{margin-top: -70px !important;}&#8221;][vc_column width=&#8221;1\/2&#8243; css=&#8221;.vc_custom_1493025432388{padding-left: 5px !important;}&#8221;][vc_single_image image=&#8221;11455&#8243; img_size=&#8221;full&#8221; alignment=&#8221;center&#8221;][\/vc_column][vc_column width=&#8221;1\/2&#8243; css=&#8221;.vc_custom_1493299742954{padding-right: 30px !important;padding-bottom: 30px !important;padding-left: 30px !important;}&#8221;][vc_column_text] Cassettiere [\/vc_column_text][vc_column_text]Una collezione dedicata all\u2019operativit\u00e0 degli uffici. Una vasta gamma di cassettiere che si adattano perfettamente ad ogni esigenza: versatilit\u00e0 e funzionalit\u00e0, leggerezza costruttiva, design e tecnologia. Cassettiere originali&hellip;<\/p>\n","protected":false,"raw":""},"author":1,"featured_media":0,"parent":0,"menu_order":0,"comment_status":"closed","ping_status":"closed","template":"template-categoria.php","meta":{"_acf_changed":false,"_it_post_content":"[vc_row type=\"vc_default\" full_width=\"stretch_row_content_no_spaces\" gap=\"10\" content_placement=\"middle\" bg_type=\"image\" parallax_style=\"vcpb-default\" bg_override=\"ex-full\" css=\".vc_custom_1593676263291{margin-top: -70px !important;}\"][vc_column width=\"1\/2\" css=\".vc_custom_1493025432388{padding-left: 5px !important;}\"][vc_single_image image=\"11455\" img_size=\"full\" alignment=\"center\"][\/vc_column][vc_column width=\"1\/2\" css=\".vc_custom_1493299742954{padding-right: 30px !important;padding-bottom: 30px !important;padding-left: 30px !important;}\"][vc_column_text]\r\n<h1 style=\"text-align: left;\">Cassettiere<\/h1>\r\n[\/vc_column_text][vc_column_text]Una collezione dedicata all\u2019operativit\u00e0 degli uffici.\r\nUna vasta gamma di <strong>cassettiere<\/strong> che si adattano perfettamente ad ogni esigenza: versatilit\u00e0 e funzionalit\u00e0, leggerezza costruttiva, design e tecnologia.\r\n<strong>Cassettiere<\/strong> originali con materiali, finiture e dettagli dalla forte personalit\u00e0.\r\nScegli la <strong>cassettiera<\/strong> pi\u00f9 adatta alle tue esigenze e richiedi un preventivo online personalizzato.[\/vc_column_text][\/vc_column][\/vc_row][vc_row type=\"vc_default\" full_width=\"stretch_row_content_no_spaces\" gap=\"20\" css=\".vc_custom_1570630798217{margin-top: -40px !important;margin-bottom: -70px !important;}\"][vc_column][dt_portfolio_jgrid number=\"100\" order=\"asc\" show_filter=\"true\" padding=\"5\" proportion=\"16:10\" descriptions=\"on_dark_gradient\" show_title=\"true\" show_link=\"true\" show_details=\"true\" category=\"cassettiere\"][\/vc_column][\/vc_row]","_it_post_name":"cassettiere","_it_post_excerpt":"","_it_post_title":"Cassettiere","_en_post_content":"","_en_post_name":"drawer-design-units","_en_post_excerpt":"","_en_post_title":"Drawer units","edit_language":"en","footnotes":""},"class_list":["post-9123","page","type-page","status-publish","hentry","description-off"],"acf":[],"_links":{"self":[{"href":"https:\/\/www.planurban.it\/en\/wp-json\/wp\/v2\/pages\/9123","targetHints":{"allow":["GET"]}}],"collection":[{"href":"https:\/\/www.planurban.it\/en\/wp-json\/wp\/v2\/pages"}],"about":[{"href":"https:\/\/www.planurban.it\/en\/wp-json\/wp\/v2\/types\/page"}],"author":[{"embeddable":true,"href":"https:\/\/www.planurban.it\/en\/wp-json\/wp\/v2\/users\/1"}],"replies":[{"embeddable":true,"href":"https:\/\/www.planurban.it\/en\/wp-json\/wp\/v2\/comments?post=9123"}],"version-history":[{"count":12,"href":"https:\/\/www.planurban.it\/en\/wp-json\/wp\/v2\/pages\/9123\/revisions"}],"predecessor-version":[{"id":23175,"href":"https:\/\/www.planurban.it\/en\/wp-json\/wp\/v2\/pages\/9123\/revisions\/23175"}],"wp:attachment":[{"href":"https:\/\/www.planurban.it\/en\/wp-json\/wp\/v2\/media?parent=9123"}],"curies":[{"name":"wp","href":"https:\/\/api.w.org\/{rel}","templated":true}]}}